{"id":184,"date":"2024-08-14T11:36:15","date_gmt":"2024-08-14T08:36:15","guid":{"rendered":"http:\/\/192.168.1.123\/?page_id=184"},"modified":"2024-08-14T11:36:15","modified_gmt":"2024-08-14T08:36:15","slug":"nek","status":"publish","type":"page","link":"https:\/\/nakkilanera.fi\/?page_id=184","title":{"rendered":"NEK"},"content":{"rendered":"\n<p>Nakkilan Er\u00e4nk\u00e4vij\u00e4t (NEK) on perustettu 1952. Seuralla on t\u00e4ll\u00e4 hetkell\u00e4 95 varsinaista j\u00e4sent\u00e4 ja mets\u00e4stysmaita on noin 4900 hehtaaria. Seuran mets\u00e4stysalueet ovat Nakkilan kunnassa, molemmin puolin Kokem\u00e4enjokea. Pohjoispuolella on yhteismets\u00e4stysaluetta pienriistalle koko kunnan alue. J\u00e4rvikyl\u00e4n peltoaukea on yleist\u00e4 yhteismets\u00e4stysaluetta (pienet kieltoalueet kartassa). Mahdolliset paikalliset kiellot ja ja rajoitukset l\u00f6ytyv\u00e4t tarkemmin j\u00e4senille-sivulta. Toiminta-alueena kuulumme Ulvilan riistanhoitoyhdistykseen. Seura ja sen j\u00e4senet kuuluvat Suomen Mets\u00e4st\u00e4j\u00e4liittoon. Lis\u00e4ksi seura on Kennelliiton Satakunnan piirin j\u00e4sen.<\/p>\n\n\n\n<p>Seura harjoittaa kest\u00e4v\u00e4n kehityksen periaatteella mets\u00e4styst\u00e4 ja riistanhoitoa. Mets\u00e4stys mitoitetaan riistakantojen seurannan ja havaintojen mukaan, sek\u00e4 riistanhoitoa suoritetaan kohdennetulla riistaruokinnalla, lintujen pesimismahdollisuuksien parantamisella ja varsinkin vieraspetojen aktiivisella poistolla.<\/p>\n\n\n\n<p>Lis\u00e4ksi j\u00e4rjest\u00e4mme mets\u00e4styskoirakokeita, kuten MeJ\u00e4 kokeita.<\/p>\n\n\n\n<p><\/p>\n","protected":false},"excerpt":{"rendered":"<p>Nakkilan Er\u00e4nk\u00e4vij\u00e4t (NEK) on perustettu 1952. Seuralla on t\u00e4ll\u00e4 hetkell\u00e4 95 varsinaista j\u00e4sent\u00e4 ja mets\u00e4stysmaita on noin 4900 hehtaaria. Seuran mets\u00e4stysalueet ovat Nakkilan kunnassa, molemmin&#8230;<\/p>\n<div class=\"more-link-wrapper\"><a class=\"more-link\" href=\"https:\/\/nakkilanera.fi\/?page_id=184\">Continue reading<span class=\"screen-reader-text\">NEK<\/span><\/a><\/div>\n","protected":false},"author":2,"featured_media":0,"parent":0,"menu_order":0,"comment_status":"closed","ping_status":"closed","template":"","meta":{"ngg_post_thumbnail":0,"footnotes":""},"class_list":["post-184","page","type-page","status-publish","hentry","entry"],"_links":{"self":[{"href":"https:\/\/nakkilanera.fi\/index.php?rest_route=\/wp\/v2\/pages\/184","targetHints":{"allow":["GET"]}}],"collection":[{"href":"https:\/\/nakkilanera.fi\/index.php?rest_route=\/wp\/v2\/pages"}],"about":[{"href":"https:\/\/nakkilanera.fi\/index.php?rest_route=\/wp\/v2\/types\/page"}],"author":[{"embeddable":true,"href":"https:\/\/nakkilanera.fi\/index.php?rest_route=\/wp\/v2\/users\/2"}],"replies":[{"embeddable":true,"href":"https:\/\/nakkilanera.fi\/index.php?rest_route=%2Fwp%2Fv2%2Fcomments&post=184"}],"version-history":[{"count":0,"href":"https:\/\/nakkilanera.fi\/index.php?rest_route=\/wp\/v2\/pages\/184\/revisions"}],"wp:attachment":[{"href":"https:\/\/nakkilanera.fi\/index.php?rest_route=%2Fwp%2Fv2%2Fmedia&parent=184"}],"curies":[{"name":"wp","href":"https:\/\/api.w.org\/{rel}","templated":true}]}}