{"id":19,"date":"2024-08-13T07:43:54","date_gmt":"2024-08-13T04:43:54","guid":{"rendered":"http:\/\/192.168.1.123\/?page_id=19"},"modified":"2025-07-28T09:55:09","modified_gmt":"2025-07-28T06:55:09","slug":"metsastys","status":"publish","type":"page","link":"https:\/\/nakkilanera.fi\/?page_id=19","title":{"rendered":"METS\u00c4STYS"},"content":{"rendered":"\n<p>Mets\u00e4stys tulee suorittaa lakien ja hyvien mets\u00e4stystapojen mukaisesti. Yleiset ja ajankohtaiset rajoitukset l\u00f6ytyv\u00e4t oheisesta linkist\u00e4: <a href=\"http:\/\/www.riista.fi\">http:\/\/www.riista.fi<\/a>. Vaikka lakis\u00e4\u00e4teinen et\u00e4isyys (150 m asuttuun rakennukseen) t\u00e4yttyisi, on mets\u00e4st\u00e4j\u00e4 aina velvollinen huolehtimaan ampulinjasta ja varmistettava mets\u00e4st\u00e4misen turvallisuus. Esimerkiksi kauriit ovat usein l\u00e4hell\u00e4 asutusta, joka pit\u00e4\u00e4 huomioida mets\u00e4stett\u00e4ess\u00e4. Aina pyrit\u00e4\u00e4n vastuulliseen riistalaukaukseen, joskus voi kuitenkin tulla haavakoita joista on ilmoitettava v\u00e4litt\u00f6m\u00e4sti mets\u00e4styksenjohtajalle!<\/p>\n\n\n\n<p><br>Kiellot ja rajoitukset 1.8 2025 &#8211; 31.7.2026<\/p>\n\n\n\n<p><strong>RAUHOITUKSET JA SAALISKIINTI\u00d6T<\/strong><\/p>\n\n\n\n<ul class=\"wp-block-list\">\n<li>Metso, teeri ja peltopyy kokonaan rauhoitettu.<\/li>\n<\/ul>\n\n\n\n<ul class=\"wp-block-list\">\n<li>Fasaanille saaliskiinti\u00f6ksi yksi uros j\u00e4sent\u00e4 kohden.<\/li>\n<\/ul>\n\n\n\n<ul class=\"wp-block-list\">\n<li>Luodikkomets\u00e4stys Leistil\u00e4nj\u00e4rven pelloilta kielletty.<\/li>\n<\/ul>\n\n\n\n<ul class=\"wp-block-list\">\n<li>Sorsajahdin saa aloittaa tuntia ennen auringon nousua ja se tulee lopettaa tunti auringon laskun j\u00e4lkeen. Nakkilan mets\u00e4stysalueen auringon nousun ja laskun ajankohdat n\u00e4et alla, muiden alueiden ajankohdat l\u00f6yd\u00e4t Oma riista -maastosovelluksesta.<\/li>\n<\/ul>\n\n\n\n<ul class=\"wp-block-list\">\n<li><strong>METS\u00c4HANHI <\/strong>on rauhoitettu koko riistanhoitoalueellame kaudelle 2025-2026!<\/li>\n<\/ul>\n\n\n\n<ul class=\"wp-block-list\">\n<li>Mets\u00e4kauris kiinti\u00f6 per j\u00e4sen 2kpl, saalisilmoitus teht\u00e4v\u00e4 itse <a href=\"https:\/\/oma.riista.fi\">omariistaan<\/a><\/li>\n<\/ul>\n\n\n\n<ul class=\"wp-block-list\">\n<li>Vesilintumets\u00e4stys Kokem\u00e4enjoella kielletty.<\/li>\n<\/ul>\n\n\n\n<ul class=\"wp-block-list\">\n<li>Viljelysten tallominen ehdottomasti kielletty\u00e4! T\u00e4st\u00e4 voi poiketa vain maanomistajan luvalla. Tarkemmat maanomistajakohtaiset rajoitukset J\u00e4senille v\u00e4lilehdell\u00e4.<\/li>\n<\/ul>\n\n\n<div class='weather-atlas-wrapper' style='background:rgb(99,99,99);border:1px solid rgba(82, 82, 82, 1);color:rgb(255,255,255);'><div class='weather-atlas-header' style='border-bottom:1px solid rgba(82, 82, 82, 1)'>Nakkila, FI<\/div><div class='weather-atlas-body'><div class='current_horizontal'><div class='current_temp'><i class='wi wi-fw wi-weather-31'><\/i><span class='temp'>8\u00b0<\/span><div class='current_text'>Selke\u00e4\u00e4<\/div><div class='sunrise_sunset'>05:51<i class='wi wi-fw wi-weather-32'><\/i>21:09 EEST<\/div><\/div><span class='current_text_2'>Tuntuu kuin: 6<small>\u00b0C<\/small><br\/>Tuuli: 14<small>km\/h<\/small> NW<br\/>Kosteus: 54<small>%<\/small><br\/>Ilmanpaine: 1019.98<small>mbar<\/small><br\/>UV indeksi: 0<\/span><\/div><div class='hourly hours' style='border-bottom:1px solid rgba(82, 82, 82, 1)'><span class='extended_hour extended_hour_1'>23<small>t<\/small><\/span><span class='extended_hour extended_hour_2'>0<small>t<\/small><\/span><span class='extended_hour extended_hour_3'>1<small>t<\/small><\/span><span class='extended_hour extended_hour_4'>2<small>t<\/small><\/span><span class='extended_hour extended_hour_5'>3<small>t<\/small><\/span><\/div><div class='hourly'><span class='extended_hour extended_hour_1' title='Selke\u00e4\u00e4'>6<small>\u00b0C<\/small><br\/><i class='wi wi-fw wi-weather-31'><\/i><\/span><span class='extended_hour extended_hour_2' title='Selke\u00e4\u00e4'>5<small>\u00b0C<\/small><br\/><i class='wi wi-fw wi-weather-31'><\/i><\/span><span class='extended_hour extended_hour_3' title='Selke\u00e4\u00e4'>4<small>\u00b0C<\/small><br\/><i class='wi wi-fw wi-weather-31'><\/i><\/span><span class='extended_hour extended_hour_4' title='Selke\u00e4\u00e4'>4<small>\u00b0C<\/small><br\/><i class='wi wi-fw wi-weather-31'><\/i><\/span><span class='extended_hour extended_hour_5' title='Enimm\u00e4kseen selke\u00e4\u00e4'>3<small>\u00b0C<\/small><br\/><i class='wi wi-fw wi-weather-33'><\/i><\/span><\/div><div class='daily days' style='border-bottom:1px solid rgba(82, 82, 82, 1)'><span class='extended_day extended_day_1'>Ke<\/span><span class='extended_day extended_day_2'>To<\/span><span class='extended_day extended_day_3'>Pe<\/span><span class='extended_day extended_day_4'>La<\/span><span class='extended_day extended_day_5'>Aurinkoista<\/span><\/div><div class='daily'><span class='extended_day extended_day_1' title='Pilvist\u00e4'>11<small>\u00b0C<\/small> \/ 1<small>\u00b0C<\/small><br\/><i class='wi wi-fw wi-weather-26'><\/i><\/span><span class='extended_day extended_day_2' title='Osittain pilvist\u00e4'>11<small>\u00b0C<\/small> \/ 3<small>\u00b0C<\/small><br\/><i class='wi wi-fw wi-weather-30'><\/i><\/span><span class='extended_day extended_day_3' title='Osittain pilvist\u00e4'>11<small>\u00b0C<\/small> \/ 2<small>\u00b0C<\/small><br\/><i class='wi wi-fw wi-weather-30'><\/i><\/span><span class='extended_day extended_day_4' title='Pilvist\u00e4'>6<small>\u00b0C<\/small> \/ -1<small>\u00b0C<\/small><br\/><i class='wi wi-fw wi-weather-26'><\/i><\/span><span class='extended_day extended_day_5' title='Osittain pilvist\u00e4'>7<small>\u00b0C<\/small> \/ 0<small>\u00b0C<\/small><br\/><i class='wi wi-fw wi-weather-30'><\/i><\/span><\/div><\/div><div class='weather-atlas-footer' style='border-top:1px solid rgba(82, 82, 82, 1)'><a href='https:\/\/www.weather-atlas.com\/en\/finland\/nakkila-climate' title='Nakkila, FI - Climate' style='color:rgb(255,255,255)'><span class='weather-atlas-footer-block'>Nakkila, FI<\/span> climate &#9656;<\/a><\/div><\/div>\n\n\n<p><\/p>\n","protected":false},"excerpt":{"rendered":"<p>Mets\u00e4stys tulee suorittaa lakien ja hyvien mets\u00e4stystapojen mukaisesti. Yleiset ja ajankohtaiset rajoitukset l\u00f6ytyv\u00e4t oheisesta linkist\u00e4: http:\/\/www.riista.fi. Vaikka lakis\u00e4\u00e4teinen et\u00e4isyys (150 m asuttuun rakennukseen) t\u00e4yttyisi, on&#8230;<\/p>\n<div class=\"more-link-wrapper\"><a class=\"more-link\" href=\"https:\/\/nakkilanera.fi\/?page_id=19\">Continue reading<span class=\"screen-reader-text\">METS\u00c4STYS<\/span><\/a><\/div>\n","protected":false},"author":2,"featured_media":0,"parent":0,"menu_order":0,"comment_status":"closed","ping_status":"closed","template":"","meta":{"ngg_post_thumbnail":0,"footnotes":""},"class_list":["post-19","page","type-page","status-publish","hentry","entry"],"_links":{"self":[{"href":"https:\/\/nakkilanera.fi\/index.php?rest_route=\/wp\/v2\/pages\/19","targetHints":{"allow":["GET"]}}],"collection":[{"href":"https:\/\/nakkilanera.fi\/index.php?rest_route=\/wp\/v2\/pages"}],"about":[{"href":"https:\/\/nakkilanera.fi\/index.php?rest_route=\/wp\/v2\/types\/page"}],"author":[{"embeddable":true,"href":"https:\/\/nakkilanera.fi\/index.php?rest_route=\/wp\/v2\/users\/2"}],"replies":[{"embeddable":true,"href":"https:\/\/nakkilanera.fi\/index.php?rest_route=%2Fwp%2Fv2%2Fcomments&post=19"}],"version-history":[{"count":2,"href":"https:\/\/nakkilanera.fi\/index.php?rest_route=\/wp\/v2\/pages\/19\/revisions"}],"predecessor-version":[{"id":514,"href":"https:\/\/nakkilanera.fi\/index.php?rest_route=\/wp\/v2\/pages\/19\/revisions\/514"}],"wp:attachment":[{"href":"https:\/\/nakkilanera.fi\/index.php?rest_route=%2Fwp%2Fv2%2Fmedia&parent=19"}],"curies":[{"name":"wp","href":"https:\/\/api.w.org\/{rel}","templated":true}]}}