{"id":26,"date":"2024-08-13T08:08:03","date_gmt":"2024-08-13T05:08:03","guid":{"rendered":"http:\/\/192.168.1.123\/?page_id=26"},"modified":"2024-08-13T08:08:03","modified_gmt":"2024-08-13T05:08:03","slug":"metsastamisen-aloitus","status":"publish","type":"page","link":"https:\/\/nakkilanera.fi\/?page_id=26","title":{"rendered":"HALUATKO METS\u00c4ST\u00c4J\u00c4KSI?"},"content":{"rendered":"\n<p>Suomessa mets\u00e4stysharrastuksen voi aloittaa kuka tahansa kunhan seuraavat asiat on kunnossa:<\/p>\n\n\n\n<ul class=\"wp-block-list\">\n<li><strong>Mets\u00e4st\u00e4j\u00e4n tutkinto<\/strong>, Satakunnassa mm. Porin riistanhoitoyhdistys j\u00e4rjest\u00e4\u00e4 valmistavia kursseja mets\u00e4st\u00e4tutkintoa varten. Voit my\u00f6s itse opiskella esim. <a href=\"https:\/\/www.riistainfo.fi\/uusi-metsastaja\/metsastajan-opas\/\">https:\/\/www.riistainfo.fi\/uusi-metsastaja\/metsastajan-opas\/<\/a> avulla tai vuokrata kirjastosta aiheeseen liittyv\u00e4\u00e4 kirjallisuutta, kurssia ei siis ole pakko k\u00e4yd\u00e4 mutta vahvasti sit\u00e4 suosittelemme. Kurssin j\u00e4lkeen pit\u00e4\u00e4 suorittaa koe mets\u00e4st\u00e4j\u00e4tutkintoon, joka pit\u00e4\u00e4 l\u00e4p\u00e4ist\u00e4 <a href=\"https:\/\/riista.fi\/metsastys\/palvelut-metsastajalle\/metsastajatutkinto\/\">https:\/\/riista.fi\/metsastys\/palvelut-metsastajalle\/metsastajatutkinto\/<\/a>. Mahdolliset tutkintoajankohdat n\u00e4et <a href=\"https:\/\/www.eraverkko.fi\/tapahtumat\/metsastajatutkinto\/porin-riistanhoitoyhdistys\">https:\/\/riista.fi\/metsastys\/tapahtumahaku\/#event=METSASTAJAKURSSI<\/a><\/li>\n<\/ul>\n\n\n\n<ul class=\"wp-block-list\">\n<li><strong>Mets\u00e4stysalue<\/strong>, kun mets\u00e4st\u00e4j\u00e4n tutkinto on suoritettu pit\u00e4\u00e4 sinun mietti\u00e4 miss\u00e4 tulet harrastamaan mets\u00e4styst\u00e4. Vaihtoehtoina on mets\u00e4st\u00e4\u00e4 valtionmailla, tai hakea mets\u00e4stysseuran j\u00e4seneksi. Valtionmailla mets\u00e4st\u00e4minen vaatii mets\u00e4stysluvan, joita voi ostaa <a href=\"https:\/\/www.metsa.fi\/maat-ja-vedet\/luvat\/metsastysluvat\/\">https:\/\/www.metsa.fi\/maat-ja-vedet\/luvat\/metsastysluvat\/<\/a>. <\/li>\n<\/ul>\n\n\n\n<ul class=\"wp-block-list\">\n<li><strong>Mets\u00e4st\u00e4j\u00e4 tarvitsee aseen <\/strong>joka on soveltuva harjoitettavaan mets\u00e4stykseen. Pienriistalle hyvi\u00e4 aseita on haulikot 12 kaliiperinen ja .223 tai .243 kiv\u00e4\u00e4rit. Aseisiin kannattaa tutustua kunnolla ennen hankintaa, alkuun p\u00e4see lukemalla oppaita kuten <a href=\"https:\/\/metsastajaliitto.fi\/metsastajalle\/hanki-tietoa\/metsastysaseet\/metsastyshaulikko\">https:\/\/metsastajaliitto.fi\/metsastajalle\/hanki-tietoa\/metsastysaseet\/metsastyshaulikko<\/a> ja <a href=\"https:\/\/metsastajaliitto.fi\/metsastajalle\/hanki-tietoa\/metsastysaseet\/metsastyskivaari\">https:\/\/metsastajaliitto.fi\/metsastajalle\/hanki-tietoa\/metsastysaseet\/metsastyskivaari<\/a>. Isommalle riistalle hyvi\u00e4 kiv\u00e4\u00e4ri\u00e4 kaliipereja ovat 308, 6,5 Creedmoor ja 30-06. N\u00e4ist\u00e4 kaksi ensin mainittua ovat nyky\u00e4\u00e4n yleisimm\u00e4t ja patruunoita on hyvin saatavilla. Aseen hankinta vaatii hankintaluvat, joita voi anoa poliisilta <a href=\"https:\/\/asiointi.poliisi.fi\/\">https:\/\/asiointi.poliisi.fi\/<\/a> kautta. Jokainen ase tarvitsee perustellun k\u00e4ytt\u00f6tarpeen ja on oltava soveltuva aiottuun mets\u00e4stykseen.<\/li>\n<\/ul>\n\n\n\n<ul class=\"wp-block-list\">\n<li><strong>Harjoittelu<\/strong>, vastuulliseen mets\u00e4st\u00e4miseen kuuluu ammuntaharjoittelu mahdollisimman usein. Harjoittelu tuo ammuntaan varmuutta ja opit oikeat tavat ampua.<\/li>\n<\/ul>\n\n\n\n<p>Nakkilan er\u00e4nk\u00e4vij\u00f6ihin voit hakea koej\u00e4seneksi t\u00e4ytt\u00e4m\u00e4ll\u00e4 alla olevan lomakkeen. Koej\u00e4senen\u00e4 voit suorittaa pienriistamets\u00e4styst\u00e4. Kauris, peura ja hirvi -luvat ovat vain t\u00e4ysj\u00e4senille.<\/p>\n\n\n\n<div class=\"wpcf7 no-js\" id=\"wpcf7-f407-o1\" lang=\"fi\" dir=\"ltr\" data-wpcf7-id=\"407\">\n<div class=\"screen-reader-response\"><p role=\"status\" aria-live=\"polite\" aria-atomic=\"true\"><\/p> <ul><\/ul><\/div>\n<form action=\"\/index.php?rest_route=%2Fwp%2Fv2%2Fpages%2F26#wpcf7-f407-o1\" method=\"post\" class=\"wpcf7-form init\" aria-label=\"Yhteydenottolomake\" novalidate=\"novalidate\" data-status=\"init\">\n<fieldset class=\"hidden-fields-container\"><input type=\"hidden\" name=\"_wpcf7\" value=\"407\" \/><input type=\"hidden\" name=\"_wpcf7_version\" value=\"6.1.5\" \/><input type=\"hidden\" name=\"_wpcf7_locale\" value=\"fi\" \/><input type=\"hidden\" name=\"_wpcf7_unit_tag\" value=\"wpcf7-f407-o1\" \/><input type=\"hidden\" name=\"_wpcf7_container_post\" value=\"0\" \/><input type=\"hidden\" name=\"_wpcf7_posted_data_hash\" value=\"\" \/>\n<\/fieldset>\n<p><label> Nimesi<br \/>\n<span class=\"wpcf7-form-control-wrap\" data-name=\"your-name\"><input size=\"40\" maxlength=\"400\" class=\"wpcf7-form-control wpcf7-text wpcf7-validates-as-required\" aria-required=\"true\" aria-invalid=\"false\" value=\"\" type=\"text\" name=\"your-name\" \/><\/span> <\/label>\n<\/p>\n<p><label> S\u00e4hk\u00f6postiosoitteesi<br \/>\n<span class=\"wpcf7-form-control-wrap\" data-name=\"your-email\"><input size=\"40\" maxlength=\"400\" class=\"wpcf7-form-control wpcf7-email wpcf7-validates-as-required wpcf7-text wpcf7-validates-as-email\" aria-required=\"true\" aria-invalid=\"false\" value=\"\" type=\"email\" name=\"your-email\" \/><\/span> <\/label>\n<\/p>\n<p><label> Puhelinnumero<br \/>\n<span class=\"wpcf7-form-control-wrap\" data-name=\"tel-878\"><input size=\"40\" maxlength=\"400\" class=\"wpcf7-form-control wpcf7-tel wpcf7-validates-as-required wpcf7-text wpcf7-validates-as-tel\" aria-required=\"true\" aria-invalid=\"false\" value=\"\" type=\"tel\" name=\"tel-878\" \/><\/span> <\/label>\n<\/p>\n<p><label> L\u00e4hiosoite<br \/>\n<span class=\"wpcf7-form-control-wrap\" data-name=\"your-subject\"><input size=\"40\" maxlength=\"400\" class=\"wpcf7-form-control wpcf7-text wpcf7-validates-as-required\" aria-required=\"true\" aria-invalid=\"false\" value=\"\" type=\"text\" name=\"your-subject\" \/><\/span> <\/label>\n<\/p>\n<p><label> Hakemus, kerro mets\u00e4stystaustastasi ja miksi haluat liitty\u00e4 seuraan<br \/>\n<span class=\"wpcf7-form-control-wrap\" data-name=\"your-message\"><textarea cols=\"40\" rows=\"10\" maxlength=\"2000\" class=\"wpcf7-form-control wpcf7-textarea\" aria-invalid=\"false\" name=\"your-message\"><\/textarea><\/span> <\/label>\n<\/p>\n<p><input class=\"wpcf7-form-control wpcf7-submit has-spinner\" type=\"submit\" value=\"L\u00e4het\u00e4\" \/>\n<\/p><div class=\"wpcf7-response-output\" aria-hidden=\"true\"><\/div>\n<\/form>\n<\/div>\n\n","protected":false},"excerpt":{"rendered":"<p>Suomessa mets\u00e4stysharrastuksen voi aloittaa kuka tahansa kunhan seuraavat asiat on kunnossa: Nakkilan er\u00e4nk\u00e4vij\u00f6ihin voit hakea koej\u00e4seneksi t\u00e4ytt\u00e4m\u00e4ll\u00e4 alla olevan lomakkeen. Koej\u00e4senen\u00e4 voit suorittaa pienriistamets\u00e4styst\u00e4. Kauris,&#8230;<\/p>\n<div class=\"more-link-wrapper\"><a class=\"more-link\" href=\"https:\/\/nakkilanera.fi\/?page_id=26\">Continue reading<span class=\"screen-reader-text\">HALUATKO METS\u00c4ST\u00c4J\u00c4KSI?<\/span><\/a><\/div>\n","protected":false},"author":2,"featured_media":0,"parent":0,"menu_order":0,"comment_status":"closed","ping_status":"closed","template":"","meta":{"ngg_post_thumbnail":0,"footnotes":""},"class_list":["post-26","page","type-page","status-publish","hentry","entry"],"_links":{"self":[{"href":"https:\/\/nakkilanera.fi\/index.php?rest_route=\/wp\/v2\/pages\/26","targetHints":{"allow":["GET"]}}],"collection":[{"href":"https:\/\/nakkilanera.fi\/index.php?rest_route=\/wp\/v2\/pages"}],"about":[{"href":"https:\/\/nakkilanera.fi\/index.php?rest_route=\/wp\/v2\/types\/page"}],"author":[{"embeddable":true,"href":"https:\/\/nakkilanera.fi\/index.php?rest_route=\/wp\/v2\/users\/2"}],"replies":[{"embeddable":true,"href":"https:\/\/nakkilanera.fi\/index.php?rest_route=%2Fwp%2Fv2%2Fcomments&post=26"}],"version-history":[{"count":0,"href":"https:\/\/nakkilanera.fi\/index.php?rest_route=\/wp\/v2\/pages\/26\/revisions"}],"wp:attachment":[{"href":"https:\/\/nakkilanera.fi\/index.php?rest_route=%2Fwp%2Fv2%2Fmedia&parent=26"}],"curies":[{"name":"wp","href":"https:\/\/api.w.org\/{rel}","templated":true}]}}