{"id":28,"date":"2024-08-13T08:09:25","date_gmt":"2024-08-13T05:09:25","guid":{"rendered":"http:\/\/192.168.1.123\/?page_id=28"},"modified":"2024-08-13T08:09:25","modified_gmt":"2024-08-13T05:09:25","slug":"srva","status":"publish","type":"page","link":"https:\/\/nakkilanera.fi\/?page_id=28","title":{"rendered":"SRVA"},"content":{"rendered":"\n<p>Seurassamme on useita SRVA (suurristavirka-apu)-toiminnassa mukana olevia mets\u00e4st\u00e4ji\u00e4. SRVA tarkoittaa ett\u00e4 annamme viranomaisille apua esim. loukkaantuneiden el\u00e4imien j\u00e4ljest\u00e4misess\u00e4. Tavallisimpia SRVA-teht\u00e4vi\u00e4 ovat kolareissa loukkaantuneiden hirviel\u00e4inten, suurpetojen ja villisikojen j\u00e4ljest\u00e4minen sek\u00e4 suurpetojen karkotukset taajaan asutulta alueelta.<\/p>\n\n\n\n<p>Lis\u00e4tietoja SRVA toiminnasta -> <a href=\"https:\/\/riista.fi\/riistatalous\/riistavahingot-ja-konfliktit\/suurriistavirka-apu\/\">https:\/\/riista.fi\/riistatalous\/riistavahingot-ja-konfliktit\/suurriistavirka-apu\/<\/a><\/p>\n\n\n\n<p><\/p>\n","protected":false},"excerpt":{"rendered":"<p>Seurassamme on useita SRVA (suurristavirka-apu)-toiminnassa mukana olevia mets\u00e4st\u00e4ji\u00e4. SRVA tarkoittaa ett\u00e4 annamme viranomaisille apua esim. loukkaantuneiden el\u00e4imien j\u00e4ljest\u00e4misess\u00e4. Tavallisimpia SRVA-teht\u00e4vi\u00e4 ovat kolareissa loukkaantuneiden hirviel\u00e4inten, suurpetojen&#8230;<\/p>\n<div class=\"more-link-wrapper\"><a class=\"more-link\" href=\"https:\/\/nakkilanera.fi\/?page_id=28\">Continue reading<span class=\"screen-reader-text\">SRVA<\/span><\/a><\/div>\n","protected":false},"author":2,"featured_media":0,"parent":0,"menu_order":0,"comment_status":"closed","ping_status":"closed","template":"","meta":{"ngg_post_thumbnail":0,"footnotes":""},"class_list":["post-28","page","type-page","status-publish","hentry","entry"],"_links":{"self":[{"href":"https:\/\/nakkilanera.fi\/index.php?rest_route=\/wp\/v2\/pages\/28","targetHints":{"allow":["GET"]}}],"collection":[{"href":"https:\/\/nakkilanera.fi\/index.php?rest_route=\/wp\/v2\/pages"}],"about":[{"href":"https:\/\/nakkilanera.fi\/index.php?rest_route=\/wp\/v2\/types\/page"}],"author":[{"embeddable":true,"href":"https:\/\/nakkilanera.fi\/index.php?rest_route=\/wp\/v2\/users\/2"}],"replies":[{"embeddable":true,"href":"https:\/\/nakkilanera.fi\/index.php?rest_route=%2Fwp%2Fv2%2Fcomments&post=28"}],"version-history":[{"count":0,"href":"https:\/\/nakkilanera.fi\/index.php?rest_route=\/wp\/v2\/pages\/28\/revisions"}],"wp:attachment":[{"href":"https:\/\/nakkilanera.fi\/index.php?rest_route=%2Fwp%2Fv2%2Fmedia&parent=28"}],"curies":[{"name":"wp","href":"https:\/\/api.w.org\/{rel}","templated":true}]}}