{"id":95,"date":"2024-08-13T13:16:32","date_gmt":"2024-08-13T10:16:32","guid":{"rendered":"http:\/\/192.168.1.123\/?page_id=95"},"modified":"2024-09-03T07:42:14","modified_gmt":"2024-09-03T04:42:14","slug":"riistanhoito-2","status":"publish","type":"page","link":"https:\/\/nakkilanera.fi\/?page_id=95","title":{"rendered":"RIISTANHOITO"},"content":{"rendered":"\n<p>Mets\u00e4st\u00e4j\u00e4n\u00e4 oleminen ei ole pelkk\u00e4\u00e4 mets\u00e4st\u00e4mist\u00e4, siihen kuuluu vahvasti my\u00f6s riistanhoito. Riistanhoidon avulla parannetaan riistakantojen elinolosuhteita ja varmistetaan my\u00f6s mets\u00e4stysmahdollisuuksien jatkuminen tai paraneminen.<\/p>\n\n\n\n<p>Riistanhoitoa suoritetaan mm. valikoivalla mets\u00e4styksell\u00e4 ja vahinkoel\u00e4inkantojen kurissapit\u00e4misell\u00e4. Supikoira ja minkki kantojen kurissapito on t\u00e4rke\u00e4\u00e4, jotta lintukannat saataisiin paremmiksi. Vahinkoel\u00e4imi\u00e4 pyydet\u00e4\u00e4n mm. loukuttamalla. Loukun voi rakentaa itse, tai ostaa alan liikkeest\u00e4. Supikoiralle hyv\u00e4 KaNu-loukun ohjeet l\u00f6ytyv\u00e4t t\u00e4\u00e4lt\u00e4 <a href=\"https:\/\/riista.fi\/wp-content\/uploads\/2013\/04\/KaNu-loukku.pdf\">https:\/\/riista.fi\/wp-content\/uploads\/2013\/04\/KaNu-loukku.pdf<\/a>. Minkki\u00e4 voi pyyt\u00e4\u00e4 esim. <a href=\"https:\/\/riista.fi\/wp-content\/uploads\/2013\/04\/Minkinloukku_keinulauta.pdf\">https:\/\/riista.fi\/wp-content\/uploads\/2013\/04\/Minkinloukku_keinulauta.pdf<\/a><\/p>\n\n\n\n<p>Sy\u00f6tt\u00f6paikat ovat my\u00f6s t\u00e4rke\u00e4 osa riistanhoitoa. Valkoh\u00e4nt\u00e4peuran ruokinnan tarve perustuu mahdollisuuteen ohjata el\u00e4imi\u00e4 asettumista alueelle niin, ett\u00e4 niist\u00e4 olisi mahdollisimman v\u00e4h\u00e4n haittaa seudun asukkaille ja liikenteelle. Lis\u00e4ksi ruokinnalla pystyt\u00e4\u00e4n tehostamaan peurojen valikoivaa mets\u00e4styst\u00e4.<\/p>\n\n\n\n<p><strong>Hirviel\u00e4imelle <\/strong>sy\u00f6tt\u00f6paikalla olisi hyv\u00e4 olla nuolukivi ja katoksella varustettu ruokintapiste\/automaatti.<br><\/p>\n\n\n\n<figure class=\"wp-block-gallery has-nested-images columns-default is-cropped wp-block-gallery-1 is-layout-flex wp-block-gallery-is-layout-flex\">\n<figure class=\"wp-block-image size-full\"><a href=\"https:\/\/nakkilanera.fi\/wp-content\/uploads\/2024\/09\/riistanhoito.jpg\"><img loading=\"lazy\" decoding=\"async\" width=\"950\" height=\"830\" data-id=\"370\" src=\"https:\/\/nakkilanera.fi\/wp-content\/uploads\/2024\/09\/riistanhoito.jpg\" alt=\"\" class=\"wp-image-370\" srcset=\"https:\/\/nakkilanera.fi\/wp-content\/uploads\/2024\/09\/riistanhoito.jpg 950w, https:\/\/nakkilanera.fi\/wp-content\/uploads\/2024\/09\/riistanhoito-300x262.jpg 300w, https:\/\/nakkilanera.fi\/wp-content\/uploads\/2024\/09\/riistanhoito-768x671.jpg 768w\" sizes=\"auto, (max-width: 950px) 100vw, 950px\" \/><\/a><\/figure>\n\n\n\n<figure class=\"wp-block-image size-large\"><a href=\"https:\/\/nakkilanera.fi\/wp-content\/uploads\/2024\/09\/riistanhoito2-1024x679.jpg\"><img loading=\"lazy\" decoding=\"async\" width=\"1024\" height=\"679\" data-id=\"371\" src=\"https:\/\/nakkilanera.fi\/wp-content\/uploads\/2024\/09\/riistanhoito2-1024x679.jpg\" alt=\"\" class=\"wp-image-371\" srcset=\"https:\/\/nakkilanera.fi\/wp-content\/uploads\/2024\/09\/riistanhoito2-1024x679.jpg 1024w, https:\/\/nakkilanera.fi\/wp-content\/uploads\/2024\/09\/riistanhoito2-300x199.jpg 300w, https:\/\/nakkilanera.fi\/wp-content\/uploads\/2024\/09\/riistanhoito2-768x509.jpg 768w, https:\/\/nakkilanera.fi\/wp-content\/uploads\/2024\/09\/riistanhoito2-1536x1018.jpg 1536w, https:\/\/nakkilanera.fi\/wp-content\/uploads\/2024\/09\/riistanhoito2.jpg 1659w\" sizes=\"auto, (max-width: 1024px) 100vw, 1024px\" \/><\/a><\/figure>\n<\/figure>\n\n\n\n<p><strong>Linnuille <\/strong>t\u00e4rke\u00e4mp\u00e4\u00e4 kosteikot, joita ehostamalla tai rakentamalla uusia saa linnustolle paremmat olosuhteet vahvistaa kantojaan.<\/p>\n\n\n\n<p><\/p>\n\n\n\n<p>Vastuullinen mets\u00e4st\u00e4j\u00e4 suorittaa alueellaan riista ja vesilintu- ja poikuelaskentaa. Vastuullinen mets\u00e4stys perustuu tietoon el\u00e4inkannan vahvuudesta.<\/p>\n\n\n\n<p><\/p>\n","protected":false},"excerpt":{"rendered":"<p>Mets\u00e4st\u00e4j\u00e4n\u00e4 oleminen ei ole pelkk\u00e4\u00e4 mets\u00e4st\u00e4mist\u00e4, siihen kuuluu vahvasti my\u00f6s riistanhoito. Riistanhoidon avulla parannetaan riistakantojen elinolosuhteita ja varmistetaan my\u00f6s mets\u00e4stysmahdollisuuksien jatkuminen tai paraneminen. Riistanhoitoa suoritetaan&#8230;<\/p>\n<div class=\"more-link-wrapper\"><a class=\"more-link\" href=\"https:\/\/nakkilanera.fi\/?page_id=95\">Continue reading<span class=\"screen-reader-text\">RIISTANHOITO<\/span><\/a><\/div>\n","protected":false},"author":2,"featured_media":0,"parent":0,"menu_order":0,"comment_status":"closed","ping_status":"closed","template":"","meta":{"ngg_post_thumbnail":0,"footnotes":""},"class_list":["post-95","page","type-page","status-publish","hentry","entry"],"_links":{"self":[{"href":"https:\/\/nakkilanera.fi\/index.php?rest_route=\/wp\/v2\/pages\/95","targetHints":{"allow":["GET"]}}],"collection":[{"href":"https:\/\/nakkilanera.fi\/index.php?rest_route=\/wp\/v2\/pages"}],"about":[{"href":"https:\/\/nakkilanera.fi\/index.php?rest_route=\/wp\/v2\/types\/page"}],"author":[{"embeddable":true,"href":"https:\/\/nakkilanera.fi\/index.php?rest_route=\/wp\/v2\/users\/2"}],"replies":[{"embeddable":true,"href":"https:\/\/nakkilanera.fi\/index.php?rest_route=%2Fwp%2Fv2%2Fcomments&post=95"}],"version-history":[{"count":3,"href":"https:\/\/nakkilanera.fi\/index.php?rest_route=\/wp\/v2\/pages\/95\/revisions"}],"predecessor-version":[{"id":472,"href":"https:\/\/nakkilanera.fi\/index.php?rest_route=\/wp\/v2\/pages\/95\/revisions\/472"}],"wp:attachment":[{"href":"https:\/\/nakkilanera.fi\/index.php?rest_route=%2Fwp%2Fv2%2Fmedia&parent=95"}],"curies":[{"name":"wp","href":"https:\/\/api.w.org\/{rel}","templated":true}]}}